{"id":969,"date":"2024-10-30T13:59:13","date_gmt":"2024-10-30T13:59:13","guid":{"rendered":"https:\/\/santintpoland.home.pl\/new_web\/products-dispensers\/"},"modified":"2024-10-30T22:45:19","modified_gmt":"2024-10-30T22:45:19","slug":"products-dispensers","status":"publish","type":"page","link":"https:\/\/santintpoland.com\/en\/products-dispensers\/","title":{"rendered":"Products &#8211; Dispensers"},"content":{"rendered":"<p>[et_pb_section fb_built=&#8221;1&#8243; _builder_version=&#8221;4.27.0&#8243; _module_preset=&#8221;default&#8221; background_color=&#8221;gcid-4564402b-6fe1-4b23-8433-aaf9b8f8fd78&#8243; custom_padding=&#8221;5px||5px||false|false&#8221; hover_enabled=&#8221;0&#8243; global_colors_info=&#8221;{%22gcid-4564402b-6fe1-4b23-8433-aaf9b8f8fd78%22:%91%22background_color%22%93}&#8221; sticky_enabled=&#8221;0&#8243;][et_pb_row _builder_version=&#8221;4.27.0&#8243; _module_preset=&#8221;default&#8221; hover_enabled=&#8221;0&#8243; global_colors_info=&#8221;{}&#8221; sticky_enabled=&#8221;0&#8243;][et_pb_column type=&#8221;4_4&#8243; _builder_version=&#8221;4.27.0&#8243; _module_preset=&#8221;default&#8221; global_colors_info=&#8221;{}&#8221;][et_pb_text _builder_version=&#8221;4.27.0&#8243; _module_preset=&#8221;default&#8221; header_font=&#8221;Montserrat|800||on|||||&#8221; header_text_color=&#8221;#FFFFFF&#8221; hover_enabled=&#8221;0&#8243; global_colors_info=&#8221;{}&#8221; sticky_enabled=&#8221;0&#8243;]<\/p>\n<h1>Products | Dispensers<\/h1>\n<p>[\/et_pb_text][\/et_pb_column][\/et_pb_row][\/et_pb_section][et_pb_section fb_built=&#8221;1&#8243; _builder_version=&#8221;4.27.0&#8243; _module_preset=&#8221;default&#8221; global_colors_info=&#8221;{}&#8221;][et_pb_row _builder_version=&#8221;4.27.0&#8243; _module_preset=&#8221;default&#8221; border_width_bottom=&#8221;1px&#8221; border_color_bottom=&#8221;#24B7C5&#8243; hover_enabled=&#8221;0&#8243; sticky_enabled=&#8221;0&#8243; custom_padding=&#8221;||||false|false&#8221; custom_margin=&#8221;||20px||false|false&#8221;][et_pb_column _builder_version=&#8221;4.27.0&#8243; _module_preset=&#8221;default&#8221; type=&#8221;4_4&#8243;][et_pb_text _builder_version=&#8221;4.27.0&#8243; _module_preset=&#8221;default&#8221; hover_enabled=&#8221;0&#8243; sticky_enabled=&#8221;0&#8243; header_3_font=&#8221;Montserrat|600||on|||||&#8221; header_3_text_color=&#8221;#24B7C5&#8243;]<\/p>\n<h3>Automatic simultaneous dispensers<\/h3>\n<p>[\/et_pb_text][\/et_pb_column][\/et_pb_row][et_pb_row _builder_version=&#8221;4.27.0&#8243; _module_preset=&#8221;default&#8221; global_colors_info=&#8221;{}&#8221;][et_pb_column type=&#8221;4_4&#8243; _builder_version=&#8221;4.27.0&#8243; _module_preset=&#8221;default&#8221; global_colors_info=&#8221;{}&#8221;][et_pb_blog fullwidth=&#8221;off&#8221; include_categories=&#8221;13&#8243; show_author=&#8221;off&#8221; show_date=&#8221;off&#8221; show_categories=&#8221;off&#8221; show_excerpt=&#8221;off&#8221; show_pagination=&#8221;off&#8221; _builder_version=&#8221;4.27.0&#8243; _module_preset=&#8221;default&#8221; header_font=&#8221;Montserrat|800|||||||&#8221; header_text_align=&#8221;center&#8221; header_text_color=&#8221;#24B7C5&#8243; hover_enabled=&#8221;0&#8243; border_radii=&#8221;on|10px|10px|10px|10px&#8221; border_width_all=&#8221;0px&#8221; border_color_all=&#8221;#FFFFFF&#8221; box_shadow_style=&#8221;preset1&#8243; global_colors_info=&#8221;{}&#8221; header_text_color__hover_enabled=&#8221;on|hover&#8221; header_text_color__hover=&#8221;#525A5E&#8221; sticky_enabled=&#8221;0&#8243;][\/et_pb_blog][\/et_pb_column][\/et_pb_row][et_pb_row _builder_version=&#8221;4.27.0&#8243; _module_preset=&#8221;default&#8221; border_width_bottom=&#8221;1px&#8221; border_color_bottom=&#8221;#24B7C5&#8243; hover_enabled=&#8221;0&#8243; sticky_enabled=&#8221;0&#8243; custom_padding=&#8221;||||false|false&#8221; custom_margin=&#8221;||20px||false|false&#8221;][et_pb_column _builder_version=&#8221;4.27.0&#8243; _module_preset=&#8221;default&#8221; type=&#8221;4_4&#8243;][et_pb_text _builder_version=&#8221;4.27.0&#8243; _module_preset=&#8221;default&#8221; hover_enabled=&#8221;0&#8243; sticky_enabled=&#8221;0&#8243; header_3_font=&#8221;Montserrat|600||on|||||&#8221; header_3_text_color=&#8221;#24B7C5&#8243;]<\/p>\n<h3>Automatic sequential dispensers<\/h3>\n<p>[\/et_pb_text][\/et_pb_column][\/et_pb_row][et_pb_row _builder_version=&#8221;4.27.0&#8243; _module_preset=&#8221;default&#8221; global_colors_info=&#8221;{}&#8221;][et_pb_column type=&#8221;4_4&#8243; _builder_version=&#8221;4.27.0&#8243; _module_preset=&#8221;default&#8221; global_colors_info=&#8221;{}&#8221;][et_pb_blog fullwidth=&#8221;off&#8221; include_categories=&#8221;14&#8243; show_author=&#8221;off&#8221; show_date=&#8221;off&#8221; show_categories=&#8221;off&#8221; show_excerpt=&#8221;off&#8221; show_pagination=&#8221;off&#8221; _builder_version=&#8221;4.27.0&#8243; _module_preset=&#8221;default&#8221; header_font=&#8221;Montserrat|800|||||||&#8221; header_text_align=&#8221;center&#8221; header_text_color=&#8221;#24B7C5&#8243; hover_enabled=&#8221;0&#8243; border_radii=&#8221;on|10px|10px|10px|10px&#8221; border_width_all=&#8221;0px&#8221; border_color_all=&#8221;#FFFFFF&#8221; box_shadow_style=&#8221;preset1&#8243; global_colors_info=&#8221;{}&#8221; header_text_color__hover_enabled=&#8221;on|hover&#8221; header_text_color__hover=&#8221;#525A5E&#8221; sticky_enabled=&#8221;0&#8243;][\/et_pb_blog][\/et_pb_column][\/et_pb_row][\/et_pb_section]<\/p>\n","protected":false},"excerpt":{"rendered":"<p>Products | Dispensers Automatic simultaneous dispensers Automatic sequential dispensers<\/p>\n","protected":false},"author":1,"featured_media":0,"parent":0,"menu_order":0,"comment_status":"closed","ping_status":"closed","template":"","meta":{"_et_pb_use_builder":"on","_et_pb_old_content":"","_et_gb_content_width":"","_mi_skip_tracking":false,"footnotes":""},"class_list":["post-969","page","type-page","status-publish","hentry"],"yoast_head":"<!-- This site is optimized with the Yoast SEO Premium plugin v23.9 (Yoast SEO v24.9) - https:\/\/yoast.com\/wordpress\/plugins\/seo\/ -->\n<title>Products - Dispensers - Santint<\/title>\n<meta name=\"description\" content=\"Santint jest jednym z wiod\u0105cych producent\u00f3w profesjonalnych maszyn barwi\u0105cych, kt\u00f3re gwarantuj\u0105 najwy\u017csz\u0105 jako\u015b\u0107 po\u0142\u0105czon\u0105 z wysok\u0105 dok\u0142adno\u015bci\u0105 i precyzj\u0105, dzi\u0119ki zaawansowanym rozwi\u0105zaniom z zakresu automatyki.\" \/>\n<meta name=\"robots\" content=\"index, follow, max-snippet:-1, max-image-preview:large, max-video-preview:-1\" \/>\n<link rel=\"canonical\" href=\"https:\/\/santintpoland.com\/en\/products-dispensers\/\" \/>\n<meta property=\"og:locale\" content=\"en_US\" \/>\n<meta property=\"og:type\" content=\"article\" \/>\n<meta property=\"og:title\" content=\"Products - Dispensers\" \/>\n<meta property=\"og:description\" content=\"Santint jest jednym z wiod\u0105cych producent\u00f3w profesjonalnych maszyn barwi\u0105cych, kt\u00f3re gwarantuj\u0105 najwy\u017csz\u0105 jako\u015b\u0107 po\u0142\u0105czon\u0105 z wysok\u0105 dok\u0142adno\u015bci\u0105 i precyzj\u0105, dzi\u0119ki zaawansowanym rozwi\u0105zaniom z zakresu automatyki.\" \/>\n<meta property=\"og:url\" content=\"https:\/\/santintpoland.com\/en\/products-dispensers\/\" \/>\n<meta property=\"og:site_name\" content=\"Santint\" \/>\n<meta property=\"article:modified_time\" content=\"2024-10-30T22:45:19+00:00\" \/>\n<meta property=\"og:image\" content=\"https:\/\/santintpoland.com\/wp-content\/uploads\/2024\/12\/satint_yoast-image-1200x675px.png\" \/>\n\t<meta property=\"og:image:width\" content=\"1200\" \/>\n\t<meta property=\"og:image:height\" content=\"675\" \/>\n\t<meta property=\"og:image:type\" content=\"image\/png\" \/>\n<meta name=\"twitter:card\" content=\"summary_large_image\" \/>\n<meta name=\"twitter:label1\" content=\"Est. reading time\" \/>\n\t<meta name=\"twitter:data1\" content=\"2 minutes\" \/>\n<script type=\"application\/ld+json\" class=\"yoast-schema-graph\">{\"@context\":\"https:\/\/schema.org\",\"@graph\":[{\"@type\":\"WebPage\",\"@id\":\"https:\/\/santintpoland.com\/en\/products-dispensers\/\",\"url\":\"https:\/\/santintpoland.com\/en\/products-dispensers\/\",\"name\":\"Products - Dispensers - Santint\",\"isPartOf\":{\"@id\":\"https:\/\/santintpoland.com\/#website\"},\"datePublished\":\"2024-10-30T13:59:13+00:00\",\"dateModified\":\"2024-10-30T22:45:19+00:00\",\"description\":\"Santint jest jednym z wiod\u0105cych producent\u00f3w profesjonalnych maszyn barwi\u0105cych, kt\u00f3re gwarantuj\u0105 najwy\u017csz\u0105 jako\u015b\u0107 po\u0142\u0105czon\u0105 z wysok\u0105 dok\u0142adno\u015bci\u0105 i precyzj\u0105, dzi\u0119ki zaawansowanym rozwi\u0105zaniom z zakresu automatyki.\",\"breadcrumb\":{\"@id\":\"https:\/\/santintpoland.com\/en\/products-dispensers\/#breadcrumb\"},\"inLanguage\":\"en-US\",\"potentialAction\":[{\"@type\":\"ReadAction\",\"target\":[\"https:\/\/santintpoland.com\/en\/products-dispensers\/\"]}]},{\"@type\":\"BreadcrumbList\",\"@id\":\"https:\/\/santintpoland.com\/en\/products-dispensers\/#breadcrumb\",\"itemListElement\":[{\"@type\":\"ListItem\",\"position\":1,\"name\":\"Home\",\"item\":\"https:\/\/santintpoland.com\/en\/\"},{\"@type\":\"ListItem\",\"position\":2,\"name\":\"Products &#8211; Dispensers\"}]},{\"@type\":\"WebSite\",\"@id\":\"https:\/\/santintpoland.com\/#website\",\"url\":\"https:\/\/santintpoland.com\/\",\"name\":\"Santint\",\"description\":\"PROFESJONALNE MASZYNY BARWI\u0104CE SANTINT\",\"publisher\":{\"@id\":\"https:\/\/santintpoland.com\/#organization\"},\"potentialAction\":[{\"@type\":\"SearchAction\",\"target\":{\"@type\":\"EntryPoint\",\"urlTemplate\":\"https:\/\/santintpoland.com\/?s={search_term_string}\"},\"query-input\":{\"@type\":\"PropertyValueSpecification\",\"valueRequired\":true,\"valueName\":\"search_term_string\"}}],\"inLanguage\":\"en-US\"},{\"@type\":\"Organization\",\"@id\":\"https:\/\/santintpoland.com\/#organization\",\"name\":\"Santint\",\"url\":\"https:\/\/santintpoland.com\/\",\"logo\":{\"@type\":\"ImageObject\",\"inLanguage\":\"en-US\",\"@id\":\"https:\/\/santintpoland.com\/#\/schema\/logo\/image\/\",\"url\":\"https:\/\/santintpoland.home.pl\/new_web\/wp-content\/uploads\/2024\/12\/cropped-santint-favicon.png\",\"contentUrl\":\"https:\/\/santintpoland.home.pl\/new_web\/wp-content\/uploads\/2024\/12\/cropped-santint-favicon.png\",\"width\":512,\"height\":512,\"caption\":\"Santint\"},\"image\":{\"@id\":\"https:\/\/santintpoland.com\/#\/schema\/logo\/image\/\"}}]}<\/script>\n<!-- \/ Yoast SEO Premium plugin. -->","yoast_head_json":{"title":"Products - Dispensers - Santint","description":"Santint jest jednym z wiod\u0105cych producent\u00f3w profesjonalnych maszyn barwi\u0105cych, kt\u00f3re gwarantuj\u0105 najwy\u017csz\u0105 jako\u015b\u0107 po\u0142\u0105czon\u0105 z wysok\u0105 dok\u0142adno\u015bci\u0105 i precyzj\u0105, dzi\u0119ki zaawansowanym rozwi\u0105zaniom z zakresu automatyki.","robots":{"index":"index","follow":"follow","max-snippet":"max-snippet:-1","max-image-preview":"max-image-preview:large","max-video-preview":"max-video-preview:-1"},"canonical":"https:\/\/santintpoland.com\/en\/products-dispensers\/","og_locale":"en_US","og_type":"article","og_title":"Products - Dispensers","og_description":"Santint jest jednym z wiod\u0105cych producent\u00f3w profesjonalnych maszyn barwi\u0105cych, kt\u00f3re gwarantuj\u0105 najwy\u017csz\u0105 jako\u015b\u0107 po\u0142\u0105czon\u0105 z wysok\u0105 dok\u0142adno\u015bci\u0105 i precyzj\u0105, dzi\u0119ki zaawansowanym rozwi\u0105zaniom z zakresu automatyki.","og_url":"https:\/\/santintpoland.com\/en\/products-dispensers\/","og_site_name":"Santint","article_modified_time":"2024-10-30T22:45:19+00:00","og_image":[{"width":1200,"height":675,"url":"https:\/\/santintpoland.com\/wp-content\/uploads\/2024\/12\/satint_yoast-image-1200x675px.png","type":"image\/png"}],"twitter_card":"summary_large_image","twitter_misc":{"Est. reading time":"2 minutes"},"schema":{"@context":"https:\/\/schema.org","@graph":[{"@type":"WebPage","@id":"https:\/\/santintpoland.com\/en\/products-dispensers\/","url":"https:\/\/santintpoland.com\/en\/products-dispensers\/","name":"Products - Dispensers - Santint","isPartOf":{"@id":"https:\/\/santintpoland.com\/#website"},"datePublished":"2024-10-30T13:59:13+00:00","dateModified":"2024-10-30T22:45:19+00:00","description":"Santint jest jednym z wiod\u0105cych producent\u00f3w profesjonalnych maszyn barwi\u0105cych, kt\u00f3re gwarantuj\u0105 najwy\u017csz\u0105 jako\u015b\u0107 po\u0142\u0105czon\u0105 z wysok\u0105 dok\u0142adno\u015bci\u0105 i precyzj\u0105, dzi\u0119ki zaawansowanym rozwi\u0105zaniom z zakresu automatyki.","breadcrumb":{"@id":"https:\/\/santintpoland.com\/en\/products-dispensers\/#breadcrumb"},"inLanguage":"en-US","potentialAction":[{"@type":"ReadAction","target":["https:\/\/santintpoland.com\/en\/products-dispensers\/"]}]},{"@type":"BreadcrumbList","@id":"https:\/\/santintpoland.com\/en\/products-dispensers\/#breadcrumb","itemListElement":[{"@type":"ListItem","position":1,"name":"Home","item":"https:\/\/santintpoland.com\/en\/"},{"@type":"ListItem","position":2,"name":"Products &#8211; Dispensers"}]},{"@type":"WebSite","@id":"https:\/\/santintpoland.com\/#website","url":"https:\/\/santintpoland.com\/","name":"Santint","description":"PROFESJONALNE MASZYNY BARWI\u0104CE SANTINT","publisher":{"@id":"https:\/\/santintpoland.com\/#organization"},"potentialAction":[{"@type":"SearchAction","target":{"@type":"EntryPoint","urlTemplate":"https:\/\/santintpoland.com\/?s={search_term_string}"},"query-input":{"@type":"PropertyValueSpecification","valueRequired":true,"valueName":"search_term_string"}}],"inLanguage":"en-US"},{"@type":"Organization","@id":"https:\/\/santintpoland.com\/#organization","name":"Santint","url":"https:\/\/santintpoland.com\/","logo":{"@type":"ImageObject","inLanguage":"en-US","@id":"https:\/\/santintpoland.com\/#\/schema\/logo\/image\/","url":"https:\/\/santintpoland.home.pl\/new_web\/wp-content\/uploads\/2024\/12\/cropped-santint-favicon.png","contentUrl":"https:\/\/santintpoland.home.pl\/new_web\/wp-content\/uploads\/2024\/12\/cropped-santint-favicon.png","width":512,"height":512,"caption":"Santint"},"image":{"@id":"https:\/\/santintpoland.com\/#\/schema\/logo\/image\/"}}]}},"_links":{"self":[{"href":"https:\/\/santintpoland.com\/en\/wp-json\/wp\/v2\/pages\/969","targetHints":{"allow":["GET"]}}],"collection":[{"href":"https:\/\/santintpoland.com\/en\/wp-json\/wp\/v2\/pages"}],"about":[{"href":"https:\/\/santintpoland.com\/en\/wp-json\/wp\/v2\/types\/page"}],"author":[{"embeddable":true,"href":"https:\/\/santintpoland.com\/en\/wp-json\/wp\/v2\/users\/1"}],"replies":[{"embeddable":true,"href":"https:\/\/santintpoland.com\/en\/wp-json\/wp\/v2\/comments?post=969"}],"version-history":[{"count":0,"href":"https:\/\/santintpoland.com\/en\/wp-json\/wp\/v2\/pages\/969\/revisions"}],"wp:attachment":[{"href":"https:\/\/santintpoland.com\/en\/wp-json\/wp\/v2\/media?parent=969"}],"curies":[{"name":"wp","href":"https:\/\/api.w.org\/{rel}","templated":true}]}}